{"id":1875,"date":"2025-07-09T03:56:44","date_gmt":"2025-07-09T01:56:44","guid":{"rendered":"https:\/\/jurinteg.co\/?page_id=1875"},"modified":"2025-07-12T02:58:07","modified_gmt":"2025-07-12T00:58:07","slug":"personas-naturales","status":"publish","type":"page","link":"https:\/\/jurinteg.co\/index.php\/personas-naturales\/","title":{"rendered":"Personas Naturales"},"content":{"rendered":"\t\t<div data-elementor-type=\"wp-page\" data-elementor-id=\"1875\" class=\"elementor elementor-1875\" data-elementor-post-type=\"page\">\n\t\t\t\t\t\t<section class=\"elementor-section elementor-top-section elementor-element elementor-element-82c1adc elementor-section-boxed elementor-section-height-default elementor-section-height-default\" data-id=\"82c1adc\" data-element_type=\"section\" data-e-type=\"section\" data-settings=\"{&quot;background_background&quot;:&quot;slideshow&quot;,&quot;background_slideshow_gallery&quot;:[{&quot;id&quot;:1203,&quot;url&quot;:&quot;https:\\\/\\\/gaviaspreview.com\\\/wp\\\/conult\\\/wp-content\\\/uploads\\\/2021\\\/12\\\/bg-9.jpg&quot;},{&quot;id&quot;:1008,&quot;url&quot;:&quot;https:\\\/\\\/gaviaspreview.com\\\/wp\\\/conult\\\/wp-content\\\/uploads\\\/2021\\\/10\\\/breadcrumb.jpg&quot;}],&quot;background_slideshow_ken_burns&quot;:&quot;yes&quot;,&quot;background_slideshow_loop&quot;:&quot;yes&quot;,&quot;background_slideshow_slide_duration&quot;:5000,&quot;background_slideshow_slide_transition&quot;:&quot;fade&quot;,&quot;background_slideshow_transition_duration&quot;:500,&quot;background_slideshow_ken_burns_zoom_direction&quot;:&quot;in&quot;}\">\n\t\t\t\t\t\t<div class=\"elementor-container elementor-column-gap-default\">\n\t\t\t\t\t<div class=\"elementor-column elementor-col-100 elementor-top-column elementor-element elementor-element-0a923f3\" data-id=\"0a923f3\" data-element_type=\"column\" data-e-type=\"column\">\n\t\t\t<div class=\"elementor-widget-wrap elementor-element-populated\">\n\t\t\t\t\t\t<div class=\"elementor-element elementor-element-4487399 elementor-widget elementor-widget-gva-heading-block\" data-id=\"4487399\" data-element_type=\"widget\" data-e-type=\"widget\" data-widget_type=\"gva-heading-block.default\">\n\t\t\t\t<div class=\"elementor-widget-container\">\n\t\t\t\t\t<div class=\"gva-element-gva-heading-block gva-element\">   <div class=\"align-center style-1 widget gsc-heading box-align-left auto-responsive\">\r\n      <div class=\"content-inner\">\r\n         \r\n         \r\n         \r\n           \r\n         \r\n                     <h2 class=\"title\">\r\n               <span>Personas Naturales<\/span>\r\n            <\/h2>\r\n                  \r\n         \r\n      <\/div>\r\n   <\/div>\r\n<\/div>\t\t\t\t<\/div>\n\t\t\t\t<\/div>\n\t\t\t\t\t<\/div>\n\t\t<\/div>\n\t\t\t\t\t<\/div>\n\t\t<\/section>\n\t\t\t\t<section class=\"elementor-section elementor-top-section elementor-element elementor-element-8e32d8f elementor-section-boxed elementor-section-height-default elementor-section-height-default\" data-id=\"8e32d8f\" data-element_type=\"section\" data-e-type=\"section\">\n\t\t\t\t\t\t<div class=\"elementor-container elementor-column-gap-default\">\n\t\t\t\t\t<div class=\"elementor-column elementor-col-50 elementor-top-column elementor-element elementor-element-1b50fa4\" data-id=\"1b50fa4\" data-element_type=\"column\" data-e-type=\"column\">\n\t\t\t<div class=\"elementor-widget-wrap elementor-element-populated\">\n\t\t\t\t\t\t<div class=\"elementor-element elementor-element-781f53d elementor-invisible elementor-widget elementor-widget-gva-heading-block\" data-id=\"781f53d\" data-element_type=\"widget\" data-e-type=\"widget\" data-settings=\"{&quot;_animation&quot;:&quot;fadeInLeft&quot;}\" data-widget_type=\"gva-heading-block.default\">\n\t\t\t\t<div class=\"elementor-widget-container\">\n\t\t\t\t\t<div class=\"gva-element-gva-heading-block gva-element\">   <div class=\"align-left style-1 widget gsc-heading box-align-left auto-responsive\">\r\n      <div class=\"content-inner\">\r\n         \r\n         \r\n         <div class=\"heading-line\"><span><\/span><span><\/span><\/div>\r\n                     <div class=\"sub-title\">\r\n               <span class=\"tagline\">Brindar la mejor<\/span> \r\n            <\/div>\r\n           \r\n         \r\n                     <h2 class=\"title\">\r\n               <span>Protecci\u00f3n Jur\u00eddica a\nPersonas Naturales<\/span>\r\n            <\/h2>\r\n                  \r\n         \r\n      <\/div>\r\n   <\/div>\r\n<\/div>\t\t\t\t<\/div>\n\t\t\t\t<\/div>\n\t\t\t\t<div class=\"elementor-element elementor-element-a14c0f8 elementor-invisible elementor-widget elementor-widget-text-editor\" data-id=\"a14c0f8\" data-element_type=\"widget\" data-e-type=\"widget\" data-settings=\"{&quot;_animation&quot;:&quot;fadeInUp&quot;}\" data-widget_type=\"text-editor.default\">\n\t\t\t\t<div class=\"elementor-widget-container\">\n\t\t\t\t\t\t\t\t\t<p>En su trayectoria de asesor\u00eda y representaci\u00f3n jur\u00eddica a las Personas Naturales, JURINTEG ABOGADOS ha tenido un posicionamiento significativo en la resoluci\u00f3n efectiva de los asuntos legales a sus clientes y por ello su permanencia en el tiempo por m\u00e1s de 20 a\u00f1os.<\/p><p>La firma JURINTEG ABOGADOS, tiene diversificada su oferta de servicios legales, en las \u00e1reas de Derecho Civil, Derecho Laboral, Derecho Penal, Derecho de Familia, Derecho Comercial y Derecho de Responsabilidad Civil.<\/p>\t\t\t\t\t\t\t\t<\/div>\n\t\t\t\t<\/div>\n\t\t\t\t\t<\/div>\n\t\t<\/div>\n\t\t\t\t<div class=\"elementor-column elementor-col-50 elementor-top-column elementor-element elementor-element-90e4aa9\" data-id=\"90e4aa9\" data-element_type=\"column\" data-e-type=\"column\">\n\t\t\t<div class=\"elementor-widget-wrap elementor-element-populated\">\n\t\t\t\t\t\t<div class=\"elementor-element elementor-element-7d3d9c9 elementor-invisible elementor-widget elementor-widget-image\" data-id=\"7d3d9c9\" data-element_type=\"widget\" data-e-type=\"widget\" data-settings=\"{&quot;_animation&quot;:&quot;fadeInRight&quot;}\" data-widget_type=\"image.default\">\n\t\t\t\t<div class=\"elementor-widget-container\">\n\t\t\t\t\t\t\t\t\t\t\t\t\t\t\t<img fetchpriority=\"high\" decoding=\"async\" width=\"2560\" height=\"1707\" src=\"https:\/\/jurinteg.co\/wp-content\/uploads\/2025\/07\/persona-natural-scaled.jpg\" class=\"attachment-full size-full wp-image-1837\" alt=\"\" srcset=\"https:\/\/jurinteg.co\/wp-content\/uploads\/2025\/07\/persona-natural-scaled.jpg 2560w, https:\/\/jurinteg.co\/wp-content\/uploads\/2025\/07\/persona-natural-1024x683.jpg 1024w, https:\/\/jurinteg.co\/wp-content\/uploads\/2025\/07\/persona-natural-768x512.jpg 768w, https:\/\/jurinteg.co\/wp-content\/uploads\/2025\/07\/persona-natural-600x400.jpg 600w\" sizes=\"(max-width: 2560px) 100vw, 2560px\" \/>\t\t\t\t\t\t\t\t\t\t\t\t\t\t\t<\/div>\n\t\t\t\t<\/div>\n\t\t\t\t\t<\/div>\n\t\t<\/div>\n\t\t\t\t\t<\/div>\n\t\t<\/section>\n\t\t\t\t<\/div>\n\t\t","protected":false},"excerpt":{"rendered":"<p>Personas Naturales Brindar la mejor Protecci\u00f3n Jur\u00eddica a Personas Naturales En su trayectoria de asesor\u00eda y representaci\u00f3n jur\u00eddica a las Personas Naturales, JURINTEG ABOGADOS ha tenido un posicionamiento significativo en [&hellip;]<\/p>\n","protected":false},"author":1,"featured_media":0,"parent":0,"menu_order":0,"comment_status":"closed","ping_status":"closed","template":"elementor_header_footer","meta":{"footnotes":""},"class_list":["post-1875","page","type-page","status-publish","hentry"],"_links":{"self":[{"href":"https:\/\/jurinteg.co\/index.php\/wp-json\/wp\/v2\/pages\/1875","targetHints":{"allow":["GET"]}}],"collection":[{"href":"https:\/\/jurinteg.co\/index.php\/wp-json\/wp\/v2\/pages"}],"about":[{"href":"https:\/\/jurinteg.co\/index.php\/wp-json\/wp\/v2\/types\/page"}],"author":[{"embeddable":true,"href":"https:\/\/jurinteg.co\/index.php\/wp-json\/wp\/v2\/users\/1"}],"replies":[{"embeddable":true,"href":"https:\/\/jurinteg.co\/index.php\/wp-json\/wp\/v2\/comments?post=1875"}],"version-history":[{"count":22,"href":"https:\/\/jurinteg.co\/index.php\/wp-json\/wp\/v2\/pages\/1875\/revisions"}],"predecessor-version":[{"id":1985,"href":"https:\/\/jurinteg.co\/index.php\/wp-json\/wp\/v2\/pages\/1875\/revisions\/1985"}],"wp:attachment":[{"href":"https:\/\/jurinteg.co\/index.php\/wp-json\/wp\/v2\/media?parent=1875"}],"curies":[{"name":"wp","href":"https:\/\/api.w.org\/{rel}","templated":true}]}}