{"id":1564,"date":"2024-01-03T23:46:22","date_gmt":"2024-01-03T22:46:22","guid":{"rendered":"https:\/\/jurinteg.co\/?page_id=1564"},"modified":"2025-07-12T02:56:51","modified_gmt":"2025-07-12T00:56:51","slug":"fuerzas-militares","status":"publish","type":"page","link":"https:\/\/jurinteg.co\/index.php\/fuerzas-militares\/","title":{"rendered":"Fuerzas Militares"},"content":{"rendered":"\t\t<div data-elementor-type=\"wp-page\" data-elementor-id=\"1564\" class=\"elementor elementor-1564\" data-elementor-post-type=\"page\">\n\t\t\t\t<div class=\"elementor-element elementor-element-263d8d4 e-flex e-con-boxed e-con e-parent\" data-id=\"263d8d4\" data-element_type=\"container\" data-e-type=\"container\" data-settings=\"{&quot;background_background&quot;:&quot;classic&quot;}\">\n\t\t\t\t\t<div class=\"e-con-inner\">\n\t\t\t\t<div class=\"elementor-element elementor-element-6d1a7e8 elementor-widget elementor-widget-gva-heading-block\" data-id=\"6d1a7e8\" data-element_type=\"widget\" data-e-type=\"widget\" data-widget_type=\"gva-heading-block.default\">\n\t\t\t\t<div class=\"elementor-widget-container\">\n\t\t\t\t\t<div class=\"gva-element-gva-heading-block gva-element\">   <div class=\"align-center style-1 widget gsc-heading box-align-left auto-responsive\">\r\n      <div class=\"content-inner\">\r\n         \r\n         \r\n         <div class=\"heading-line\"><span><\/span><span><\/span><\/div>\r\n           \r\n         \r\n                     <h2 class=\"title\">\r\n               <span>Fuerzas Militares<\/span>\r\n            <\/h2>\r\n                  \r\n         \r\n      <\/div>\r\n   <\/div>\r\n<\/div>\t\t\t\t<\/div>\n\t\t\t\t<\/div>\n\t\t\t\t\t<\/div>\n\t\t\t\t<\/div>\n\t\t\t\t<section class=\"elementor-section elementor-top-section elementor-element elementor-element-92149a8 elementor-section-boxed elementor-section-height-default elementor-section-height-default\" data-id=\"92149a8\" data-element_type=\"section\" data-e-type=\"section\">\n\t\t\t\t\t\t<div class=\"elementor-container elementor-column-gap-default\">\n\t\t\t\t\t<div class=\"elementor-column elementor-col-100 elementor-top-column elementor-element elementor-element-62bf1dd\" data-id=\"62bf1dd\" data-element_type=\"column\" data-e-type=\"column\">\n\t\t\t<div class=\"elementor-widget-wrap elementor-element-populated\">\n\t\t\t\t\t\t<div class=\"elementor-element elementor-element-14abc5c elementor-widget elementor-widget-gva-brand\" data-id=\"14abc5c\" data-element_type=\"widget\" data-e-type=\"widget\" data-widget_type=\"gva-brand.default\">\n\t\t\t\t<div class=\"elementor-widget-container\">\n\t\t\t\t\t<div class=\"gva-element-gva-brand gva-element\">\r\n<div class=\"gva-brand-carousel style-1 \">\r\n   <div class=\"swiper-content-inner\">\r\n      <div class=\"init-carousel-swiper swiper\" data-carousel=\"{&quot;items&quot;:4,&quot;items_lg&quot;:4,&quot;items_md&quot;:4,&quot;items_sm&quot;:3,&quot;items_xs&quot;:2,&quot;items_xx&quot;:2,&quot;items_xxx&quot;:1,&quot;effect&quot;:&quot;slide&quot;,&quot;space_between&quot;:30,&quot;loop&quot;:1,&quot;speed&quot;:600,&quot;autoplay&quot;:1,&quot;autoplay_delay&quot;:4500,&quot;autoplay_hover&quot;:1,&quot;navigation&quot;:1,&quot;pagination&quot;:0,&quot;dynamic_bullets&quot;:0,&quot;pagination_type&quot;:&quot;bullets&quot;}\">\r\n         <div class=\"swiper-wrapper\">\r\n            \r\n            <div class=\"swiper-slide item brand-item\"><div class=\"brand-item-content\"><div class=\"brand-item-image\"><img decoding=\"async\" src=\"https:\/\/jurinteg.co\/wp-content\/uploads\/2024\/01\/armada_Mesa-de-trabajo-1.png\" alt=\"\" class=\"brand-img\"\/><\/div><\/div><\/div><div class=\"swiper-slide item brand-item\"><div class=\"brand-item-content\"><div class=\"brand-item-image\"><img decoding=\"async\" src=\"https:\/\/jurinteg.co\/wp-content\/uploads\/2024\/01\/ejercito_Mesa-de-trabajo-1.png\" alt=\"\" class=\"brand-img\"\/><\/div><\/div><\/div><div class=\"swiper-slide item brand-item\"><div class=\"brand-item-content\"><div class=\"brand-item-image\"><img decoding=\"async\" src=\"https:\/\/jurinteg.co\/wp-content\/uploads\/2024\/01\/fuerza-aerea_Mesa-de-trabajo-1.png\" alt=\"\" class=\"brand-img\"\/><\/div><\/div><\/div><div class=\"swiper-slide item brand-item\"><div class=\"brand-item-content\"><div class=\"brand-item-image\"><img decoding=\"async\" src=\"https:\/\/jurinteg.co\/wp-content\/uploads\/2024\/01\/caja-de-retiro_Mesa-de-trabajo-1.png\" alt=\"\" class=\"brand-img\"\/><\/div><\/div><\/div>\r\n         <\/div>\r\n      <\/div>   \r\n   <\/div>\r\n   <div class=\"swiper-pagination\"><\/div>   <div class=\"swiper-nav-next\"><\/div><div class=\"swiper-nav-prev\"><\/div><\/div>\r\n<\/div>\t\t\t\t<\/div>\n\t\t\t\t<\/div>\n\t\t\t\t\t<\/div>\n\t\t<\/div>\n\t\t\t\t\t<\/div>\n\t\t<\/section>\n\t\t<div class=\"elementor-element elementor-element-b43866e e-flex e-con-boxed e-con e-parent\" data-id=\"b43866e\" data-element_type=\"container\" data-e-type=\"container\">\n\t\t\t\t\t<div class=\"e-con-inner\">\n\t\t\t\t<div class=\"elementor-element elementor-element-74046fc elementor-widget elementor-widget-text-editor\" data-id=\"74046fc\" data-element_type=\"widget\" data-e-type=\"widget\" data-widget_type=\"text-editor.default\">\n\t\t\t\t<div class=\"elementor-widget-container\">\n\t\t\t\t\t\t\t\t\t<p>Con la facilidad de descuento por n\u00f3mina al personal Militar Activo, Retirado, Pensionado de las Fuerzas Militares y Personal Civil vinculado al Ministerio de Defensa Nacional, continuamos comprometidos de brindamos un servicio jur\u00eddico de calidad.<\/p><p><strong>Jurinteg<\/strong>, a trav\u00e9s de los 20 a\u00f1os de experiencia en el mercado legal, ha venido brindando acompa\u00f1amiento y respaldo jur\u00eddico, para dar tranquilidad en el ejercicio de\u00a0sus labores y \u00e1mbito familiar.<\/p><p>Nuestros profesionales del derecho, se han especializado en el entorno militar, en la prevenci\u00f3n y resoluci\u00f3n de conflictos del <strong>Penal Militar, Derecho Penal, Investigaciones Disciplinarias y Administrativas, Familia y Civil.<\/strong><\/p>\t\t\t\t\t\t\t\t<\/div>\n\t\t\t\t<\/div>\n\t\t\t\t\t<\/div>\n\t\t\t\t<\/div>\n\t\t<div class=\"elementor-element elementor-element-12a5d61 e-flex e-con-boxed e-con e-parent\" data-id=\"12a5d61\" data-element_type=\"container\" data-e-type=\"container\">\n\t\t\t\t\t<div class=\"e-con-inner\">\n\t\t\t\t<div class=\"elementor-element elementor-element-f47afc1 elementor-widget elementor-widget-gva-heading-block\" data-id=\"f47afc1\" data-element_type=\"widget\" data-e-type=\"widget\" data-widget_type=\"gva-heading-block.default\">\n\t\t\t\t<div class=\"elementor-widget-container\">\n\t\t\t\t\t<div class=\"gva-element-gva-heading-block gva-element\">   <div class=\"align-center style-1 widget gsc-heading box-align-left auto-responsive\">\r\n      <div class=\"content-inner\">\r\n         \r\n         \r\n         <div class=\"heading-line\"><span><\/span><span><\/span><\/div>\r\n           \r\n         \r\n                     <h2 class=\"title\">\r\n               <span>Portafolio<\/span>\r\n            <\/h2>\r\n                              <div class=\"title-desc\">Nuestros portafolios de servicios jur\u00eddicos, han sido creados y\nactualizados con el fin de ajustarse a las circunstancias cambiantes de\nlas Fuerzas Militares, siempre buscando la mejor alternativa, beneficios y\n\neconom\u00eda a nuestros clientes.<\/div>\r\n         \r\n         \r\n      <\/div>\r\n   <\/div>\r\n<\/div>\t\t\t\t<\/div>\n\t\t\t\t<\/div>\n\t\t\t\t\t<\/div>\n\t\t\t\t<\/div>\n\t\t<div class=\"elementor-element elementor-element-d2e3402 e-flex e-con-boxed e-con e-parent\" data-id=\"d2e3402\" data-element_type=\"container\" data-e-type=\"container\">\n\t\t\t\t\t<div class=\"e-con-inner\">\n\t\t\t\t<div class=\"elementor-element elementor-element-2cb5674 elementor-widget elementor-widget-gva_icon_box_group\" data-id=\"2cb5674\" data-element_type=\"widget\" data-e-type=\"widget\" data-widget_type=\"gva_icon_box_group.default\">\n\t\t\t\t<div class=\"elementor-widget-container\">\n\t\t\t\t\t<div class=\"gva-element-gva_icon_box_group gva-element\">\r\n<div class=\"gsc-icon-box-group layout-grid style-1\">\r\n\t<div class=\"lg-block-grid-3 md-block-grid-3 sm-block-grid-2 xs-block-grid-1 xx-block-grid-1\">\r\n\t\t\t\t\t\r\n\t\t\t<div class=\"item-columns\">\r\n\t\t\t\t<div class=\"icon-box-item elementor-repeater-item-f5d469c\">\r\n\t<div class=\"icon-box-content\">\r\n\t\t\r\n\t\t\t\t\t\t\t\t\t<div class=\"box-icon\">\r\n\t\t\t\t\t<i aria-hidden=\"true\" class=\" las la-user-circle\"><\/i>\t\t\t\t<\/div>\r\n\t\t\t\r\n\t\t\t<div class=\"content-inner\">\r\n\t\t\t\t\t\t\t\t\t<h3 class=\"title\">Plan Personal<\/h3>\r\n\t\t\t\t\t\t\t\t\t\t\t\t\t<div class=\"desc\">Enfocado a clientes que requieran una protecci\u00f3n y representaci\u00f3n jur\u00eddica personal.<\/div>\r\n\t\t\t\t\t\t\t<\/div>\t\r\n\r\n\t\t\t\r\n\r\n\t<\/div>  \t\r\n\t<\/div>\t\t\t<\/div>\r\n\r\n\t\t\t\t\t\r\n\t\t\t<div class=\"item-columns\">\r\n\t\t\t\t<div class=\"icon-box-item elementor-repeater-item-6193c17\">\r\n\t<div class=\"icon-box-content\">\r\n\t\t\r\n\t\t\t\t\t\t\t\t\t<div class=\"box-icon\">\r\n\t\t\t\t\t<i aria-hidden=\"true\" class=\" las la-certificate\"><\/i>\t\t\t\t<\/div>\r\n\t\t\t\r\n\t\t\t<div class=\"content-inner\">\r\n\t\t\t\t\t\t\t\t\t<h3 class=\"title\">Plan Integral<\/h3>\r\n\t\t\t\t\t\t\t\t\t\t\t\t\t<div class=\"desc\">Enfocado para clientes casados que requieren asistencia y protecci\u00f3n jur\u00eddica para\nsu c\u00f3nyuge.<\/div>\r\n\t\t\t\t\t\t\t<\/div>\t\r\n\r\n\t\t\t\r\n\r\n\t<\/div>  \t\r\n\t<\/div>\t\t\t<\/div>\r\n\r\n\t\t\t\t\t\r\n\t\t\t<div class=\"item-columns\">\r\n\t\t\t\t<div class=\"icon-box-item elementor-repeater-item-5caf379\">\r\n\t<div class=\"icon-box-content\">\r\n\t\t\r\n\t\t\t\t\t\t\t\t\t<div class=\"box-icon\">\r\n\t\t\t\t\t<i aria-hidden=\"true\" class=\" las la-users\"><\/i>\t\t\t\t<\/div>\r\n\t\t\t\r\n\t\t\t<div class=\"content-inner\">\r\n\t\t\t\t\t\t\t\t\t<h3 class=\"title\">Plan Familiar<\/h3>\r\n\t\t\t\t\t\t\t\t\t\t\t\t\t<div class=\"desc\">Portafolio con mayores beneficios para quien busca protecci\u00f3n jur\u00eddica a su n\u00facleo familiar.<\/div>\r\n\t\t\t\t\t\t\t<\/div>\t\r\n\r\n\t\t\t\r\n\r\n\t<\/div>  \t\r\n\t<\/div>\t\t\t<\/div>\r\n\r\n\t\t\t<\/div>   \r\n<\/div>\r\n<\/div>\t\t\t\t<\/div>\n\t\t\t\t<\/div>\n\t\t\t\t\t<\/div>\n\t\t\t\t<\/div>\n\t\t<div class=\"elementor-element elementor-element-d29c0a3 e-flex e-con-boxed e-con e-parent\" data-id=\"d29c0a3\" data-element_type=\"container\" data-e-type=\"container\">\n\t\t\t\t\t<div class=\"e-con-inner\">\n\t\t\t\t<div class=\"elementor-element elementor-element-372b9ae elementor-widget elementor-widget-spacer\" data-id=\"372b9ae\" data-element_type=\"widget\" data-e-type=\"widget\" data-widget_type=\"spacer.default\">\n\t\t\t\t<div class=\"elementor-widget-container\">\n\t\t\t\t\t\t\t<div class=\"elementor-spacer\">\n\t\t\t<div class=\"elementor-spacer-inner\"><\/div>\n\t\t<\/div>\n\t\t\t\t\t\t<\/div>\n\t\t\t\t<\/div>\n\t\t\t\t\t<\/div>\n\t\t\t\t<\/div>\n\t\t\t\t<\/div>\n\t\t","protected":false},"excerpt":{"rendered":"<p>Fuerzas Militares Con la facilidad de descuento por n\u00f3mina al personal Militar Activo, Retirado, Pensionado de las Fuerzas Militares y Personal Civil vinculado al Ministerio de Defensa Nacional, continuamos comprometidos [&hellip;]<\/p>\n","protected":false},"author":1,"featured_media":0,"parent":0,"menu_order":0,"comment_status":"closed","ping_status":"closed","template":"","meta":{"footnotes":""},"class_list":["post-1564","page","type-page","status-publish","hentry"],"_links":{"self":[{"href":"https:\/\/jurinteg.co\/index.php\/wp-json\/wp\/v2\/pages\/1564","targetHints":{"allow":["GET"]}}],"collection":[{"href":"https:\/\/jurinteg.co\/index.php\/wp-json\/wp\/v2\/pages"}],"about":[{"href":"https:\/\/jurinteg.co\/index.php\/wp-json\/wp\/v2\/types\/page"}],"author":[{"embeddable":true,"href":"https:\/\/jurinteg.co\/index.php\/wp-json\/wp\/v2\/users\/1"}],"replies":[{"embeddable":true,"href":"https:\/\/jurinteg.co\/index.php\/wp-json\/wp\/v2\/comments?post=1564"}],"version-history":[{"count":37,"href":"https:\/\/jurinteg.co\/index.php\/wp-json\/wp\/v2\/pages\/1564\/revisions"}],"predecessor-version":[{"id":1982,"href":"https:\/\/jurinteg.co\/index.php\/wp-json\/wp\/v2\/pages\/1564\/revisions\/1982"}],"wp:attachment":[{"href":"https:\/\/jurinteg.co\/index.php\/wp-json\/wp\/v2\/media?parent=1564"}],"curies":[{"name":"wp","href":"https:\/\/api.w.org\/{rel}","templated":true}]}}